

{"id":186,"date":"2021-12-10T12:02:35","date_gmt":"2021-12-10T11:02:35","guid":{"rendered":"https:\/\/biblemovement.org\/?page_id=186"},"modified":"2026-01-28T13:27:29","modified_gmt":"2026-01-28T12:27:29","slug":"impressum","status":"publish","type":"page","link":"https:\/\/biblemovement.org\/en\/impressum\/","title":{"rendered":"Impressum"},"content":{"rendered":"<p><strong>Bibel-Mission e.V.<\/strong><br \/>\nLiebigstra\u00dfe 1<br \/>\n63843 Niedernberg<br \/>\nTel.: 0 60 28 \/ 80 70-0<br \/>\nFax: 0 60 28 \/ 80 70-18<br \/>\nE-Mail: info@bibel-mission.de<br \/>\nInternet: www.bibel-mission.de<\/p>\n<p><strong>1. Vorsitzender:<\/strong> Artur Hagelgans<br \/>\n<strong>Gesch\u00e4ftsf\u00fchrer:<\/strong>\u00a0Albert Froese<br \/>\n<strong>Inhaltlich Verantwortlicher gem\u00e4\u00df \u00a7 55 Abs. 2 RStV:<\/strong>\u00a0Albert Froese (Anschrift wie oben)<\/p>\n<p><strong>Bildernachweis:<\/strong>\u00a0Einige Bilder sind aus der Fotodatenbank unsplash.com<\/p>\n<p><strong>Vereinsregister und Freistellung:<\/strong>\u00a0Vereinsregister Aschaffenburg, Nr. VR 20557<br \/>\nWir sind wegen F\u00f6rderung religi\u00f6ser Zwecke nach dem letzten uns zugegangenen Freistellungsbescheid des Finanzamtes Aschaffenburg, Steuernummer 204\/107\/20346 vom 16.11.2020 f\u00fcr die Jahre 2017, 2018 und 2019 nach \u00a7 5 Abs. 1 Nr. 9 des K\u00f6rperschaftsteuergesetzes von der K\u00f6rperschaftsteuer und nach \u00a7 3 Nr. 6 des Gewerbesteuergesetzes von der Gewerbesteuer befreit und als ausschlie\u00dflich und unmittelbar steuerbeg\u00fcnstigten gemeinn\u00fctzigen und mildt\u00e4tigen Zwecken im Sinne der \u00a7\u00a7 51 ff. AO dienend anerkannt.<\/p>\n<p><strong>Spendenkonten<\/strong><\/p>\n<p><strong>Bank:<\/strong> Sparkasse Fulda<\/p>\n<p><strong>IBAN:<\/strong> \u200eDE43530501800000091002<\/p>\n<p><strong>BIC \/ SWIFT: <\/strong>HELADEF1FDS<\/p>\n<p><strong>Spendenkonto Schweiz<\/strong>:<br \/>\nBibel-Mission, KTN: 60-687966-0 Post Finance<strong>\u200d<\/strong><\/p>\n<p><strong>IBAN:<\/strong>\u00a0CH44 0900 0000 6068 7966 0 (Schweizer IBAN)<\/p>\n<p><strong>Haftungshinweis<\/strong>: Trotz sorgf\u00e4ltiger inhaltlicher Kontrolle \u00fcbernehmen wir keine Haftung f\u00fcr die Inhalte externer Links. F\u00fcr den Inhalt der verlinkten Seiten sind ausschlie\u00dflich deren Betreiber verantwortlich.<\/p>","protected":false},"excerpt":{"rendered":"Bibel-Mission e.V. Liebigstra\u00dfe 1 63843 Niedernberg Tel.: 0 60 28 \/ 80 70-0 Fax: 0 60 28 \/ 80 70-18 E-Mail: info@bibel-mission.de Internet: www.bibel-mission.de 1. Vorsitzender: Artur Hagelgans Gesch\u00e4ftsf\u00fchrer:\u00a0Albert Froese Inhaltlich Verantwortlicher gem\u00e4\u00df \u00a7 55 Abs. 2 RStV:\u00a0Albert Froese (Anschrift wie oben) Bildernachweis:\u00a0Einige Bilder sind aus der Fotodatenbank unsplash.com Vereinsregister und Freistellung:\u00a0Vereinsregister Aschaffenburg, Nr. VR&#8230; <a class=\"view-article\" href=\"https:\/\/biblemovement.org\/en\/impressum\/\">View Article<\/a>","protected":false},"author":1,"featured_media":0,"parent":0,"menu_order":0,"comment_status":"closed","ping_status":"closed","template":"","meta":{"footnotes":""},"class_list":["post-186","page","type-page","status-publish","hentry"],"_links":{"self":[{"href":"https:\/\/biblemovement.org\/en\/wp-json\/wp\/v2\/pages\/186","targetHints":{"allow":["GET"]}}],"collection":[{"href":"https:\/\/biblemovement.org\/en\/wp-json\/wp\/v2\/pages"}],"about":[{"href":"https:\/\/biblemovement.org\/en\/wp-json\/wp\/v2\/types\/page"}],"author":[{"embeddable":true,"href":"https:\/\/biblemovement.org\/en\/wp-json\/wp\/v2\/users\/1"}],"replies":[{"embeddable":true,"href":"https:\/\/biblemovement.org\/en\/wp-json\/wp\/v2\/comments?post=186"}],"version-history":[{"count":5,"href":"https:\/\/biblemovement.org\/en\/wp-json\/wp\/v2\/pages\/186\/revisions"}],"predecessor-version":[{"id":2524,"href":"https:\/\/biblemovement.org\/en\/wp-json\/wp\/v2\/pages\/186\/revisions\/2524"}],"wp:attachment":[{"href":"https:\/\/biblemovement.org\/en\/wp-json\/wp\/v2\/media?parent=186"}],"curies":[{"name":"wp","href":"https:\/\/api.w.org\/{rel}","templated":true}]}}